{"id":156,"date":"2026-01-08T11:57:46","date_gmt":"2026-01-08T11:57:46","guid":{"rendered":"https:\/\/oelder-buchhandlung.de\/Shop.de\/?post_type=product&#038;p=156"},"modified":"2026-01-08T12:07:39","modified_gmt":"2026-01-08T12:07:39","slug":"kater-kaffee-espresso-crema","status":"publish","type":"product","link":"https:\/\/oelder-buchhandlung.de\/Shop.de\/produkt\/kater-kaffee-espresso-crema\/","title":{"rendered":"Kater Kaffee Espresso Crema"},"content":{"rendered":"<p><strong>100% Arabica Espresso<\/strong><\/p>\n<p>Ein\u00a0Espresso aus besten Arabica-Bohnen des zentral- und s\u00fcdamerikanischen Hochlands sowie aus Fernost.\u00a0Der Gaumen wird verw\u00f6hnt durch Noten von Vanille und\u00a0Nougat. Wenig S\u00e4ure und\u00a0eine belebende W\u00fcrze zeichnen ihn aus, intensive Aromen sorgen f\u00fcr einen nachhaltigen Abgang.<\/p>\n<p>Schonend im Langzeit-R\u00f6stverfahren in unserem Trommelr\u00f6ster hergestellt.<\/p>\n","protected":false},"excerpt":{"rendered":"<p><strong>100% Arabica Espresso<\/strong><\/p>\n<p>Ein\u00a0Espresso aus besten Arabica-Bohnen des zentral- und s\u00fcdamerikanischen Hochlands sowie aus Fernost.\u00a0Der Gaumen wird verw\u00f6hnt durch Noten von Vanille und\u00a0Nougat. Wenig S\u00e4ure und\u00a0eine belebende W\u00fcrze zeichnen ihn aus, intensive Aromen sorgen f\u00fcr einen nachhaltigen Abgang.<\/p>\n<p>Schonend im Langzeit-R\u00f6stverfahren in unserem Trommelr\u00f6ster hergestellt.<\/p>\n","protected":false},"featured_media":0,"comment_status":"open","ping_status":"closed","template":"","meta":{"content-type":"","site-sidebar-layout":"default","site-content-layout":"","ast-site-content-layout":"default","site-content-style":"default","site-sidebar-style":"default","ast-global-header-display":"","ast-banner-title-visibility":"","ast-main-header-display":"","ast-hfb-above-header-display":"","ast-hfb-below-header-display":"","ast-hfb-mobile-header-display":"","site-post-title":"","ast-breadcrumbs-content":"","ast-featured-img":"","footer-sml-layout":"","ast-disable-related-posts":"","theme-transparent-header-meta":"","adv-header-id-meta":"","stick-header-meta":"","header-above-stick-meta":"","header-main-stick-meta":"","header-below-stick-meta":"","astra-migrate-meta-layouts":"default","ast-page-background-enabled":"default","ast-page-background-meta":{"desktop":{"background-color":"var(--ast-global-color-5)","background-image":"","background-repeat":"repeat","background-position":"center center","background-size":"auto","background-attachment":"scroll","background-type":"","background-media":"","overlay-type":"","overlay-color":"","overlay-opacity":"","overlay-gradient":""},"tablet":{"background-color":"","background-image":"","background-repeat":"repeat","background-position":"center center","background-size":"auto","background-attachment":"scroll","background-type":"","background-media":"","overlay-type":"","overlay-color":"","overlay-opacity":"","overlay-gradient":""},"mobile":{"background-color":"","background-image":"","background-repeat":"repeat","background-position":"center center","background-size":"auto","background-attachment":"scroll","background-type":"","background-media":"","overlay-type":"","overlay-color":"","overlay-opacity":"","overlay-gradient":""}},"ast-content-background-meta":{"desktop":{"background-color":"var(--ast-global-color-4)","background-image":"","background-repeat":"repeat","background-position":"center center","background-size":"auto","background-attachment":"scroll","background-type":"","background-media":"","overlay-type":"","overlay-color":"","overlay-opacity":"","overlay-gradient":""},"tablet":{"background-color":"var(--ast-global-color-4)","background-image":"","background-repeat":"repeat","background-position":"center center","background-size":"auto","background-attachment":"scroll","background-type":"","background-media":"","overlay-type":"","overlay-color":"","overlay-opacity":"","overlay-gradient":""},"mobile":{"background-color":"var(--ast-global-color-4)","background-image":"","background-repeat":"repeat","background-position":"center center","background-size":"auto","background-attachment":"scroll","background-type":"","background-media":"","overlay-type":"","overlay-color":"","overlay-opacity":"","overlay-gradient":""}}},"product_brand":[],"product_cat":[20],"product_tag":[],"class_list":{"0":"post-156","1":"product","2":"type-product","3":"status-publish","5":"product_cat-unkategorisiert","6":"desktop-align-left","7":"tablet-align-left","8":"mobile-align-left","10":"first","11":"instock","12":"taxable","13":"shipping-taxable","14":"purchasable","15":"product-type-simple"},"yoast_head":"<!-- This site is optimized with the Yoast SEO plugin v27.2 - https:\/\/yoast.com\/product\/yoast-seo-wordpress\/ -->\n<title>Kater Kaffee Espresso Crema - Kaffee Online Bestellen<\/title>\n<meta name=\"robots\" content=\"index, follow, max-snippet:-1, max-image-preview:large, max-video-preview:-1\" \/>\n<link rel=\"canonical\" href=\"https:\/\/oelder-buchhandlung.de\/Shop.de\/produkt\/kater-kaffee-espresso-crema\/\" \/>\n<meta property=\"og:locale\" content=\"de_DE\" \/>\n<meta property=\"og:type\" content=\"article\" \/>\n<meta property=\"og:title\" content=\"Kater Kaffee Espresso Crema - Kaffee Online Bestellen\" \/>\n<meta property=\"og:description\" content=\"100% Arabica Espresso  Ein\u00a0Espresso aus besten Arabica-Bohnen des zentral- und s\u00fcdamerikanischen Hochlands sowie aus Fernost.\u00a0Der Gaumen wird verw\u00f6hnt durch Noten von Vanille und\u00a0Nougat. Wenig S\u00e4ure und\u00a0eine belebende W\u00fcrze zeichnen ihn aus, intensive Aromen sorgen f\u00fcr einen nachhaltigen Abgang.  Schonend im Langzeit-R\u00f6stverfahren in unserem Trommelr\u00f6ster hergestellt.\" \/>\n<meta property=\"og:url\" content=\"https:\/\/oelder-buchhandlung.de\/Shop.de\/produkt\/kater-kaffee-espresso-crema\/\" \/>\n<meta property=\"og:site_name\" content=\"Kaffee Online Bestellen\" \/>\n<meta property=\"article:modified_time\" content=\"2026-01-08T12:07:39+00:00\" \/>\n<meta name=\"twitter:card\" content=\"summary_large_image\" \/>\n<meta name=\"twitter:label1\" content=\"Gesch\u00e4tzte Lesezeit\" \/>\n\t<meta name=\"twitter:data1\" content=\"1\u00a0Minute\" \/>\n<script type=\"application\/ld+json\" class=\"yoast-schema-graph\">{\"@context\":\"https:\/\/schema.org\",\"@graph\":[{\"@type\":\"WebPage\",\"@id\":\"https:\/\/oelder-buchhandlung.de\/Shop.de\/produkt\/kater-kaffee-espresso-crema\/\",\"url\":\"https:\/\/oelder-buchhandlung.de\/Shop.de\/produkt\/kater-kaffee-espresso-crema\/\",\"name\":\"Kater Kaffee Espresso Crema - Kaffee Online Bestellen\",\"isPartOf\":{\"@id\":\"https:\/\/oelder-buchhandlung.de\/Shop.de\/#website\"},\"datePublished\":\"2026-01-08T11:57:46+00:00\",\"dateModified\":\"2026-01-08T12:07:39+00:00\",\"breadcrumb\":{\"@id\":\"https:\/\/oelder-buchhandlung.de\/Shop.de\/produkt\/kater-kaffee-espresso-crema\/#breadcrumb\"},\"inLanguage\":\"de\",\"potentialAction\":[{\"@type\":\"ReadAction\",\"target\":[\"https:\/\/oelder-buchhandlung.de\/Shop.de\/produkt\/kater-kaffee-espresso-crema\/\"]}]},{\"@type\":\"BreadcrumbList\",\"@id\":\"https:\/\/oelder-buchhandlung.de\/Shop.de\/produkt\/kater-kaffee-espresso-crema\/#breadcrumb\",\"itemListElement\":[{\"@type\":\"ListItem\",\"position\":1,\"name\":\"Startseite\",\"item\":\"https:\/\/oelder-buchhandlung.de\/Shop.de\/\"},{\"@type\":\"ListItem\",\"position\":2,\"name\":\"Kater Kaffee in Oelde kaufen \u2013 Genuss mit Charakter bei der Oelder Teekontorei\",\"item\":\"https:\/\/oelder-buchhandlung.de\/Shop.de\/\"},{\"@type\":\"ListItem\",\"position\":3,\"name\":\"Kater Kaffee Espresso Crema\"}]},{\"@type\":\"WebSite\",\"@id\":\"https:\/\/oelder-buchhandlung.de\/Shop.de\/#website\",\"url\":\"https:\/\/oelder-buchhandlung.de\/Shop.de\/\",\"name\":\"Kaffee Online Bestellen\",\"description\":\"Kater Kaffee\",\"publisher\":{\"@id\":\"https:\/\/oelder-buchhandlung.de\/Shop.de\/#organization\"},\"potentialAction\":[{\"@type\":\"SearchAction\",\"target\":{\"@type\":\"EntryPoint\",\"urlTemplate\":\"https:\/\/oelder-buchhandlung.de\/Shop.de\/?s={search_term_string}\"},\"query-input\":{\"@type\":\"PropertyValueSpecification\",\"valueRequired\":true,\"valueName\":\"search_term_string\"}}],\"inLanguage\":\"de\"},{\"@type\":\"Organization\",\"@id\":\"https:\/\/oelder-buchhandlung.de\/Shop.de\/#organization\",\"name\":\"Kaffee Online Bestellen\",\"url\":\"https:\/\/oelder-buchhandlung.de\/Shop.de\/\",\"logo\":{\"@type\":\"ImageObject\",\"inLanguage\":\"de\",\"@id\":\"https:\/\/oelder-buchhandlung.de\/Shop.de\/#\/schema\/logo\/image\/\",\"url\":\"https:\/\/oelder-buchhandlung.de\/Shop.de\/wp-content\/uploads\/2025\/11\/ChatGPT-Image-30.-Okt.-2025-23_08_19.png\",\"contentUrl\":\"https:\/\/oelder-buchhandlung.de\/Shop.de\/wp-content\/uploads\/2025\/11\/ChatGPT-Image-30.-Okt.-2025-23_08_19.png\",\"width\":1024,\"height\":1536,\"caption\":\"Kaffee Online Bestellen\"},\"image\":{\"@id\":\"https:\/\/oelder-buchhandlung.de\/Shop.de\/#\/schema\/logo\/image\/\"}}]}<\/script>\n<!-- \/ Yoast SEO plugin. -->","yoast_head_json":{"title":"Kater Kaffee Espresso Crema - Kaffee Online Bestellen","robots":{"index":"index","follow":"follow","max-snippet":"max-snippet:-1","max-image-preview":"max-image-preview:large","max-video-preview":"max-video-preview:-1"},"canonical":"https:\/\/oelder-buchhandlung.de\/Shop.de\/produkt\/kater-kaffee-espresso-crema\/","og_locale":"de_DE","og_type":"article","og_title":"Kater Kaffee Espresso Crema - Kaffee Online Bestellen","og_description":"100% Arabica Espresso  Ein\u00a0Espresso aus besten Arabica-Bohnen des zentral- und s\u00fcdamerikanischen Hochlands sowie aus Fernost.\u00a0Der Gaumen wird verw\u00f6hnt durch Noten von Vanille und\u00a0Nougat. Wenig S\u00e4ure und\u00a0eine belebende W\u00fcrze zeichnen ihn aus, intensive Aromen sorgen f\u00fcr einen nachhaltigen Abgang.  Schonend im Langzeit-R\u00f6stverfahren in unserem Trommelr\u00f6ster hergestellt.","og_url":"https:\/\/oelder-buchhandlung.de\/Shop.de\/produkt\/kater-kaffee-espresso-crema\/","og_site_name":"Kaffee Online Bestellen","article_modified_time":"2026-01-08T12:07:39+00:00","twitter_card":"summary_large_image","twitter_misc":{"Gesch\u00e4tzte Lesezeit":"1\u00a0Minute"},"schema":{"@context":"https:\/\/schema.org","@graph":[{"@type":"WebPage","@id":"https:\/\/oelder-buchhandlung.de\/Shop.de\/produkt\/kater-kaffee-espresso-crema\/","url":"https:\/\/oelder-buchhandlung.de\/Shop.de\/produkt\/kater-kaffee-espresso-crema\/","name":"Kater Kaffee Espresso Crema - Kaffee Online Bestellen","isPartOf":{"@id":"https:\/\/oelder-buchhandlung.de\/Shop.de\/#website"},"datePublished":"2026-01-08T11:57:46+00:00","dateModified":"2026-01-08T12:07:39+00:00","breadcrumb":{"@id":"https:\/\/oelder-buchhandlung.de\/Shop.de\/produkt\/kater-kaffee-espresso-crema\/#breadcrumb"},"inLanguage":"de","potentialAction":[{"@type":"ReadAction","target":["https:\/\/oelder-buchhandlung.de\/Shop.de\/produkt\/kater-kaffee-espresso-crema\/"]}]},{"@type":"BreadcrumbList","@id":"https:\/\/oelder-buchhandlung.de\/Shop.de\/produkt\/kater-kaffee-espresso-crema\/#breadcrumb","itemListElement":[{"@type":"ListItem","position":1,"name":"Startseite","item":"https:\/\/oelder-buchhandlung.de\/Shop.de\/"},{"@type":"ListItem","position":2,"name":"Kater Kaffee in Oelde kaufen \u2013 Genuss mit Charakter bei der Oelder Teekontorei","item":"https:\/\/oelder-buchhandlung.de\/Shop.de\/"},{"@type":"ListItem","position":3,"name":"Kater Kaffee Espresso Crema"}]},{"@type":"WebSite","@id":"https:\/\/oelder-buchhandlung.de\/Shop.de\/#website","url":"https:\/\/oelder-buchhandlung.de\/Shop.de\/","name":"Kaffee Online Bestellen","description":"Kater Kaffee","publisher":{"@id":"https:\/\/oelder-buchhandlung.de\/Shop.de\/#organization"},"potentialAction":[{"@type":"SearchAction","target":{"@type":"EntryPoint","urlTemplate":"https:\/\/oelder-buchhandlung.de\/Shop.de\/?s={search_term_string}"},"query-input":{"@type":"PropertyValueSpecification","valueRequired":true,"valueName":"search_term_string"}}],"inLanguage":"de"},{"@type":"Organization","@id":"https:\/\/oelder-buchhandlung.de\/Shop.de\/#organization","name":"Kaffee Online Bestellen","url":"https:\/\/oelder-buchhandlung.de\/Shop.de\/","logo":{"@type":"ImageObject","inLanguage":"de","@id":"https:\/\/oelder-buchhandlung.de\/Shop.de\/#\/schema\/logo\/image\/","url":"https:\/\/oelder-buchhandlung.de\/Shop.de\/wp-content\/uploads\/2025\/11\/ChatGPT-Image-30.-Okt.-2025-23_08_19.png","contentUrl":"https:\/\/oelder-buchhandlung.de\/Shop.de\/wp-content\/uploads\/2025\/11\/ChatGPT-Image-30.-Okt.-2025-23_08_19.png","width":1024,"height":1536,"caption":"Kaffee Online Bestellen"},"image":{"@id":"https:\/\/oelder-buchhandlung.de\/Shop.de\/#\/schema\/logo\/image\/"}}]}},"_links":{"self":[{"href":"https:\/\/oelder-buchhandlung.de\/Shop.de\/wp-json\/wp\/v2\/product\/156","targetHints":{"allow":["GET"]}}],"collection":[{"href":"https:\/\/oelder-buchhandlung.de\/Shop.de\/wp-json\/wp\/v2\/product"}],"about":[{"href":"https:\/\/oelder-buchhandlung.de\/Shop.de\/wp-json\/wp\/v2\/types\/product"}],"replies":[{"embeddable":true,"href":"https:\/\/oelder-buchhandlung.de\/Shop.de\/wp-json\/wp\/v2\/comments?post=156"}],"wp:attachment":[{"href":"https:\/\/oelder-buchhandlung.de\/Shop.de\/wp-json\/wp\/v2\/media?parent=156"}],"wp:term":[{"taxonomy":"product_brand","embeddable":true,"href":"https:\/\/oelder-buchhandlung.de\/Shop.de\/wp-json\/wp\/v2\/product_brand?post=156"},{"taxonomy":"product_cat","embeddable":true,"href":"https:\/\/oelder-buchhandlung.de\/Shop.de\/wp-json\/wp\/v2\/product_cat?post=156"},{"taxonomy":"product_tag","embeddable":true,"href":"https:\/\/oelder-buchhandlung.de\/Shop.de\/wp-json\/wp\/v2\/product_tag?post=156"}],"curies":[{"name":"wp","href":"https:\/\/api.w.org\/{rel}","templated":true}]}}