{"id":65,"date":"2025-11-17T19:53:54","date_gmt":"2025-11-17T19:53:54","guid":{"rendered":"https:\/\/oelder-buchhandlung.de\/Shop.de\/?page_id=65"},"modified":"2026-01-09T10:35:26","modified_gmt":"2026-01-09T10:35:26","slug":"impressum","status":"publish","type":"page","link":"https:\/\/oelder-buchhandlung.de\/Shop.de\/impressum\/","title":{"rendered":"Impressum"},"content":{"rendered":"\n<!doctype html>\n<html lang=\"de\">\n<head>\n  <meta charset=\"utf-8\" \/>\n  <meta name=\"viewport\" content=\"width=device-width,initial-scale=1\" \/>\n  <title>Impressum \u2013 Oelder Buchhandlung &amp; Teekontorei<\/title>\n  <style>\n    body { font-family: Arial, Helvetica, sans-serif; line-height: 1.6; color:#111; padding:24px; max-width:900px; margin:0 auto; }\n    h1,h2 { color:#0b4a6f; }\n    address { font-style: normal; }\n    .contact a { text-decoration: none; color: #0b66a3; }\n    .meta { margin-top:1.2em; color:#444; }\n    dl dt { font-weight:600; margin-top:.6em; }\n    footer { margin-top:2em; font-size:.95em; color:#555; border-top:1px solid #eee; padding-top:1em; }\n  <\/style>\n<\/head>\n<body>\n  <header>\n    <h1>Impressum<\/h1>\n    <p>Angaben gem\u00e4\u00df \u00a7 5 TMG<\/p>\n  <\/header>\n\n  <section>\n    <h2>Anbieter<\/h2>\n    <p><strong>Oelder Buchhandlung &amp; Teekontorei<\/strong><\/p>\n\n    <address>\n      Lange Str. 11<br \/>\n      59302 Oelde\n    <\/address>\n\n    <div class=\"contact\">\n      <p><strong>Telefon:<\/strong> <a href=\"tel:+4925229379500\">02522 9379500<\/a><\/p>\n      <p><strong>Mobil:<\/strong> <a href=\"tel:+4917641803134\">+49 176 41803134<\/a><\/p>\n      <p><strong>E-Mail:<\/strong>\n        <a href=\"mailto:oeldebuchhandlung&#64;gmail&#46;com\">oeldebuchhandlung&#64;gmail&#46;com<\/a>\n      <\/p>\n      <p><strong>Webmaster:<\/strong>\n        <a href=\"mailto:webmaster&#64;oelder-buchhandlung&#46;de\">webmaster&#64;oelder-buchhandlung&#46;de<\/a>\n      <\/p>\n    <\/div>\n\n    <div class=\"meta\">\n      <p><strong>Umsatzsteuer-ID:<\/strong> DE 252967848<\/p>\n      <p><strong>Mitglied:<\/strong> B\u00f6rsenverein des Deutschen Buchhandels<\/p>\n    <\/div>\n  <\/section>\n\n  <section>\n    <h2>Gesch\u00e4ftsf\u00fchrung \/ Gesch\u00e4ftsleitung<\/h2>\n    <dl>\n      <dt>Gesch\u00e4ftsf\u00fchrung \/ COO<\/dt>\n      <dd>Christian H\u00f6pker<\/dd>\n\n      <dt>Gesch\u00e4ftsleitung Strategien \/ IT \/ CFO<\/dt>\n      <dd>Stefan Thomas<\/dd>\n    <\/dl>\n  <\/section>\n\n  <section>\n    <h2>Unsere Websites<\/h2>\n    <ul>\n      <li><a href=\"https:\/\/oelder-buchhandlung.de\" target=\"_blank\" rel=\"noopener noreferrer\">oelder-buchhandlung.de<\/a><\/li>\n      <li><a href=\"https:\/\/schulb\u00fccher-bestellen.de\" target=\"_blank\" rel=\"noopener noreferrer\">schulb\u00fccher-bestellen.de<\/a><\/li>\n      <li><a href=\"https:\/\/schulbuch-bestellen-online.de\" target=\"_blank\" rel=\"noopener noreferrer\">schulbuch-bestellen-online.de<\/a><\/li>\n      <li><a href=\"https:\/\/buchhandlung-schulbuch.de\" target=\"_blank\" rel=\"noopener noreferrer\">buchhandlung-schulbuch.de<\/a><\/li>\n      <li><a href=\"https:\/\/bestseller-buch.com\" target=\"_blank\" rel=\"noopener noreferrer\">bestseller-buch.com<\/a><\/li>\n      <li><a href=\"https:\/\/bio-tee-kaufen.de\" target=\"_blank\" rel=\"noopener noreferrer\">bio-tee-kaufen.de<\/a><\/li>\n    <\/ul>\n  <\/section>\n\n  <section>\n    <h2>Haftung f\u00fcr Inhalte<\/h2>\n    <p>\n      Als Diensteanbieter sind wir gem\u00e4\u00df \u00a7 7 Abs.1 TMG f\u00fcr eigene Inhalte auf diesen Seiten nach den allgemeinen Gesetzen verantwortlich.\n      Nach \u00a7\u00a7 8 bis 10 TMG sind wir als Diensteanbieter jedoch nicht verpflichtet, \u00fcbermittelte oder gespeicherte fremde Informationen zu\n      \u00fcberwachen oder nach Umst\u00e4nden zu forschen, die auf eine rechtswidrige T\u00e4tigkeit hinweisen. Verpflichtungen zur Entfernung oder Sperrung\n      der Nutzung von Informationen nach den allgemeinen Gesetzen bleiben hiervon unber\u00fchrt. Eine diesbez\u00fcgliche Haftung ist jedoch erst ab dem\n      Zeitpunkt der Kenntnis einer konkreten Rechtsverletzung m\u00f6glich. Bei Bekanntwerden von entsprechenden Rechtsverletzungen werden wir diese\n      Inhalte umgehend entfernen.\n    <\/p>\n  <\/section>\n\n  <section>\n    <h2>Haftung f\u00fcr Links<\/h2>\n    <p>\n      Unser Angebot enth\u00e4lt Links zu externen Websites Dritter, auf deren Inhalte wir keinen Einfluss haben. Deshalb k\u00f6nnen wir f\u00fcr diese fremden\n      Inhalte auch keine Gew\u00e4hr \u00fcbernehmen. F\u00fcr die Inhalte der verlinkten Seiten ist stets der jeweilige Anbieter oder Betreiber der Seiten verantwortlich.\n      Die verlinkten Seiten wurden zum Zeitpunkt der Verlinkung auf m\u00f6gliche Rechtsverst\u00f6\u00dfe \u00fcberpr\u00fcft. Rechtswidrige Inhalte waren zum Zeitpunkt der Verlinkung\n      nicht erkennbar. Eine permanente inhaltliche Kontrolle der verlinkten Seiten ist jedoch ohne konkrete Anhaltspunkte einer Rechtsverletzung nicht zumutbar.\n      Bei Bekanntwerden von Rechtsverletzungen werden wir derartige Links umgehend entfernen.\n    <\/p>\n  <\/section>\n\n  <section>\n    <h2>Urheberrecht<\/h2>\n    <p>\n      Die durch die Seitenbetreiber erstellten Inhalte und Werke auf diesen Seiten unterliegen dem deutschen Urheberrecht. Die Vervielf\u00e4ltigung, Bearbeitung,\n      Verbreitung und jede Art der Verwertung au\u00dferhalb der Grenzen des Urheberrechtes bed\u00fcrfen der schriftlichen Zustimmung des jeweiligen Autors bzw. Erstellers.\n      Downloads und Kopien dieser Seite sind nur f\u00fcr den privaten, nicht kommerziellen Gebrauch gestattet. Soweit die Inhalte auf dieser Seite nicht vom Betreiber\n      erstellt wurden, werden die Urheberrechte Dritter beachtet. Insbesondere werden Inhalte Dritter als solche gekennzeichnet. Sollten Sie trotzdem auf eine\n      Urheberrechtsverletzung aufmerksam werden, bitten wir um einen entsprechenden Hinweis. Bei Bekanntwerden von Rechtsverletzungen werden wir derartige Inhalte\n      umgehend entfernen.\n    <\/p>\n  <\/section>\n\n  <footer>\n    <p>Stand: <time datetime=\"2025-11-17\">17. November 2025<\/time><\/p>\n    <p>Dieses Impressum wurde erstellt f\u00fcr: <strong>Oelder Buchhandlung &amp; Teekontorei<\/strong>, Lange Str. 11, 59302 Oelde.<\/p>\n  <\/footer>\n<\/body>\n<\/html>\n\n\n\n<!doctype html>\n<html lang=\"de\">\n<head>\n  <meta charset=\"utf-8\">\n  <title>Navigation \u2013 Oelder Buchhandlung<\/title>\n  <meta name=\"viewport\" content=\"width=device-width, initial-scale=1\">\n  <style>\n    \/* Minimal, alles nebeneinander *\/\n    nav ul {\n      list-style: none;\n      margin: 0;\n      padding: 0;\n      display: flex;\n      gap: 1rem; \/* Abstand zwischen Links *\/\n      flex-wrap: nowrap; \/* Kein Umbruch *\/\n    }\n    nav a {\n      text-decoration: none;\n      color: #004b6b;\n      font: 500 16px\/1.4 system-ui, -apple-system, Segoe UI, Roboto, Arial, sans-serif;\n    }\n    nav a:hover { text-decoration: underline; }\n  <\/style>\n<\/head>\n<body>\n  <nav aria-label=\"Hauptnavigation\">\n    <ul>\n      <li><a href=\"https:\/\/oelder-buchhandlung.de\/Shop.de\/datenschutzerklaerung\/\">Datenschutzerkl\u00e4rung<\/a><\/li>\n      <li><a href=\"https:\/\/oelder-buchhandlung.de\/Shop.de\/impressum\/\">Impressum<\/a><\/li>\n      <li><a href=\"https:\/\/oelder-buchhandlung.de\/Shop.de\/blogbeitrag\/\">Blogbeitrag<\/a><\/li>\n    <\/ul>\n  <\/nav>\n<\/body>\n<\/html>\n\n\n\n<p><\/p>\n","protected":false},"excerpt":{"rendered":"<p>Impressum \u2013 Oelder Buchhandlung &amp; Teekontorei Impressum Angaben gem\u00e4\u00df \u00a7 5 TMG Anbieter Oelder Buchhandlung &amp; Teekontorei Lange Str. 11 [&hellip;]<\/p>\n","protected":false},"author":1,"featured_media":0,"parent":0,"menu_order":0,"comment_status":"closed","ping_status":"closed","template":"","meta":{"content-type":"","site-sidebar-layout":"default","site-content-layout":"","ast-site-content-layout":"default","site-content-style":"default","site-sidebar-style":"default","ast-global-header-display":"","ast-banner-title-visibility":"","ast-main-header-display":"","ast-hfb-above-header-display":"","ast-hfb-below-header-display":"","ast-hfb-mobile-header-display":"","site-post-title":"","ast-breadcrumbs-content":"","ast-featured-img":"","footer-sml-layout":"","ast-disable-related-posts":"","theme-transparent-header-meta":"","adv-header-id-meta":"","stick-header-meta":"","header-above-stick-meta":"","header-main-stick-meta":"","header-below-stick-meta":"","astra-migrate-meta-layouts":"default","ast-page-background-enabled":"default","ast-page-background-meta":{"desktop":{"background-color":"var(--ast-global-color-5)","background-image":"","background-repeat":"repeat","background-position":"center center","background-size":"auto","background-attachment":"scroll","background-type":"","background-media":"","overlay-type":"","overlay-color":"","overlay-opacity":"","overlay-gradient":""},"tablet":{"background-color":"","background-image":"","background-repeat":"repeat","background-position":"center center","background-size":"auto","background-attachment":"scroll","background-type":"","background-media":"","overlay-type":"","overlay-color":"","overlay-opacity":"","overlay-gradient":""},"mobile":{"background-color":"","background-image":"","background-repeat":"repeat","background-position":"center center","background-size":"auto","background-attachment":"scroll","background-type":"","background-media":"","overlay-type":"","overlay-color":"","overlay-opacity":"","overlay-gradient":""}},"ast-content-background-meta":{"desktop":{"background-color":"var(--ast-global-color-4)","background-image":"","background-repeat":"repeat","background-position":"center center","background-size":"auto","background-attachment":"scroll","background-type":"","background-media":"","overlay-type":"","overlay-color":"","overlay-opacity":"","overlay-gradient":""},"tablet":{"background-color":"var(--ast-global-color-4)","background-image":"","background-repeat":"repeat","background-position":"center center","background-size":"auto","background-attachment":"scroll","background-type":"","background-media":"","overlay-type":"","overlay-color":"","overlay-opacity":"","overlay-gradient":""},"mobile":{"background-color":"var(--ast-global-color-4)","background-image":"","background-repeat":"repeat","background-position":"center center","background-size":"auto","background-attachment":"scroll","background-type":"","background-media":"","overlay-type":"","overlay-color":"","overlay-opacity":"","overlay-gradient":""}},"footnotes":""},"class_list":["post-65","page","type-page","status-publish","hentry"],"yoast_head":"<!-- This site is optimized with the Yoast SEO plugin v27.2 - https:\/\/yoast.com\/product\/yoast-seo-wordpress\/ -->\n<title>Impressum - Kaffee Online Bestellen<\/title>\n<meta name=\"robots\" content=\"index, follow, max-snippet:-1, max-image-preview:large, max-video-preview:-1\" \/>\n<link rel=\"canonical\" href=\"https:\/\/oelder-buchhandlung.de\/Shop.de\/impressum\/\" \/>\n<meta property=\"og:locale\" content=\"de_DE\" \/>\n<meta property=\"og:type\" content=\"article\" \/>\n<meta property=\"og:title\" content=\"Impressum - Kaffee Online Bestellen\" \/>\n<meta property=\"og:description\" content=\"Impressum \u2013 Oelder Buchhandlung &amp; Teekontorei Impressum Angaben gem\u00e4\u00df \u00a7 5 TMG Anbieter Oelder Buchhandlung &amp; Teekontorei Lange Str. 11 [&hellip;]\" \/>\n<meta property=\"og:url\" content=\"https:\/\/oelder-buchhandlung.de\/Shop.de\/impressum\/\" \/>\n<meta property=\"og:site_name\" content=\"Kaffee Online Bestellen\" \/>\n<meta property=\"article:modified_time\" content=\"2026-01-09T10:35:26+00:00\" \/>\n<meta name=\"twitter:card\" content=\"summary_large_image\" \/>\n<meta name=\"twitter:label1\" content=\"Gesch\u00e4tzte Lesezeit\" \/>\n\t<meta name=\"twitter:data1\" content=\"3\u00a0Minuten\" \/>\n<script type=\"application\/ld+json\" class=\"yoast-schema-graph\">{\"@context\":\"https:\/\/schema.org\",\"@graph\":[{\"@type\":\"WebPage\",\"@id\":\"https:\/\/oelder-buchhandlung.de\/Shop.de\/impressum\/\",\"url\":\"https:\/\/oelder-buchhandlung.de\/Shop.de\/impressum\/\",\"name\":\"Impressum - Kaffee Online Bestellen\",\"isPartOf\":{\"@id\":\"https:\/\/oelder-buchhandlung.de\/Shop.de\/#website\"},\"datePublished\":\"2025-11-17T19:53:54+00:00\",\"dateModified\":\"2026-01-09T10:35:26+00:00\",\"breadcrumb\":{\"@id\":\"https:\/\/oelder-buchhandlung.de\/Shop.de\/impressum\/#breadcrumb\"},\"inLanguage\":\"de\",\"potentialAction\":[{\"@type\":\"ReadAction\",\"target\":[\"https:\/\/oelder-buchhandlung.de\/Shop.de\/impressum\/\"]}]},{\"@type\":\"BreadcrumbList\",\"@id\":\"https:\/\/oelder-buchhandlung.de\/Shop.de\/impressum\/#breadcrumb\",\"itemListElement\":[{\"@type\":\"ListItem\",\"position\":1,\"name\":\"Startseite\",\"item\":\"https:\/\/oelder-buchhandlung.de\/Shop.de\/\"},{\"@type\":\"ListItem\",\"position\":2,\"name\":\"Impressum\"}]},{\"@type\":\"WebSite\",\"@id\":\"https:\/\/oelder-buchhandlung.de\/Shop.de\/#website\",\"url\":\"https:\/\/oelder-buchhandlung.de\/Shop.de\/\",\"name\":\"Kaffee Online Bestellen\",\"description\":\"Kater Kaffee\",\"publisher\":{\"@id\":\"https:\/\/oelder-buchhandlung.de\/Shop.de\/#organization\"},\"potentialAction\":[{\"@type\":\"SearchAction\",\"target\":{\"@type\":\"EntryPoint\",\"urlTemplate\":\"https:\/\/oelder-buchhandlung.de\/Shop.de\/?s={search_term_string}\"},\"query-input\":{\"@type\":\"PropertyValueSpecification\",\"valueRequired\":true,\"valueName\":\"search_term_string\"}}],\"inLanguage\":\"de\"},{\"@type\":\"Organization\",\"@id\":\"https:\/\/oelder-buchhandlung.de\/Shop.de\/#organization\",\"name\":\"Kaffee Online Bestellen\",\"url\":\"https:\/\/oelder-buchhandlung.de\/Shop.de\/\",\"logo\":{\"@type\":\"ImageObject\",\"inLanguage\":\"de\",\"@id\":\"https:\/\/oelder-buchhandlung.de\/Shop.de\/#\/schema\/logo\/image\/\",\"url\":\"https:\/\/oelder-buchhandlung.de\/Shop.de\/wp-content\/uploads\/2025\/11\/ChatGPT-Image-30.-Okt.-2025-23_08_19.png\",\"contentUrl\":\"https:\/\/oelder-buchhandlung.de\/Shop.de\/wp-content\/uploads\/2025\/11\/ChatGPT-Image-30.-Okt.-2025-23_08_19.png\",\"width\":1024,\"height\":1536,\"caption\":\"Kaffee Online Bestellen\"},\"image\":{\"@id\":\"https:\/\/oelder-buchhandlung.de\/Shop.de\/#\/schema\/logo\/image\/\"}}]}<\/script>\n<!-- \/ Yoast SEO plugin. -->","yoast_head_json":{"title":"Impressum - Kaffee Online Bestellen","robots":{"index":"index","follow":"follow","max-snippet":"max-snippet:-1","max-image-preview":"max-image-preview:large","max-video-preview":"max-video-preview:-1"},"canonical":"https:\/\/oelder-buchhandlung.de\/Shop.de\/impressum\/","og_locale":"de_DE","og_type":"article","og_title":"Impressum - Kaffee Online Bestellen","og_description":"Impressum \u2013 Oelder Buchhandlung &amp; Teekontorei Impressum Angaben gem\u00e4\u00df \u00a7 5 TMG Anbieter Oelder Buchhandlung &amp; Teekontorei Lange Str. 11 [&hellip;]","og_url":"https:\/\/oelder-buchhandlung.de\/Shop.de\/impressum\/","og_site_name":"Kaffee Online Bestellen","article_modified_time":"2026-01-09T10:35:26+00:00","twitter_card":"summary_large_image","twitter_misc":{"Gesch\u00e4tzte Lesezeit":"3\u00a0Minuten"},"schema":{"@context":"https:\/\/schema.org","@graph":[{"@type":"WebPage","@id":"https:\/\/oelder-buchhandlung.de\/Shop.de\/impressum\/","url":"https:\/\/oelder-buchhandlung.de\/Shop.de\/impressum\/","name":"Impressum - Kaffee Online Bestellen","isPartOf":{"@id":"https:\/\/oelder-buchhandlung.de\/Shop.de\/#website"},"datePublished":"2025-11-17T19:53:54+00:00","dateModified":"2026-01-09T10:35:26+00:00","breadcrumb":{"@id":"https:\/\/oelder-buchhandlung.de\/Shop.de\/impressum\/#breadcrumb"},"inLanguage":"de","potentialAction":[{"@type":"ReadAction","target":["https:\/\/oelder-buchhandlung.de\/Shop.de\/impressum\/"]}]},{"@type":"BreadcrumbList","@id":"https:\/\/oelder-buchhandlung.de\/Shop.de\/impressum\/#breadcrumb","itemListElement":[{"@type":"ListItem","position":1,"name":"Startseite","item":"https:\/\/oelder-buchhandlung.de\/Shop.de\/"},{"@type":"ListItem","position":2,"name":"Impressum"}]},{"@type":"WebSite","@id":"https:\/\/oelder-buchhandlung.de\/Shop.de\/#website","url":"https:\/\/oelder-buchhandlung.de\/Shop.de\/","name":"Kaffee Online Bestellen","description":"Kater Kaffee","publisher":{"@id":"https:\/\/oelder-buchhandlung.de\/Shop.de\/#organization"},"potentialAction":[{"@type":"SearchAction","target":{"@type":"EntryPoint","urlTemplate":"https:\/\/oelder-buchhandlung.de\/Shop.de\/?s={search_term_string}"},"query-input":{"@type":"PropertyValueSpecification","valueRequired":true,"valueName":"search_term_string"}}],"inLanguage":"de"},{"@type":"Organization","@id":"https:\/\/oelder-buchhandlung.de\/Shop.de\/#organization","name":"Kaffee Online Bestellen","url":"https:\/\/oelder-buchhandlung.de\/Shop.de\/","logo":{"@type":"ImageObject","inLanguage":"de","@id":"https:\/\/oelder-buchhandlung.de\/Shop.de\/#\/schema\/logo\/image\/","url":"https:\/\/oelder-buchhandlung.de\/Shop.de\/wp-content\/uploads\/2025\/11\/ChatGPT-Image-30.-Okt.-2025-23_08_19.png","contentUrl":"https:\/\/oelder-buchhandlung.de\/Shop.de\/wp-content\/uploads\/2025\/11\/ChatGPT-Image-30.-Okt.-2025-23_08_19.png","width":1024,"height":1536,"caption":"Kaffee Online Bestellen"},"image":{"@id":"https:\/\/oelder-buchhandlung.de\/Shop.de\/#\/schema\/logo\/image\/"}}]}},"_links":{"self":[{"href":"https:\/\/oelder-buchhandlung.de\/Shop.de\/wp-json\/wp\/v2\/pages\/65","targetHints":{"allow":["GET"]}}],"collection":[{"href":"https:\/\/oelder-buchhandlung.de\/Shop.de\/wp-json\/wp\/v2\/pages"}],"about":[{"href":"https:\/\/oelder-buchhandlung.de\/Shop.de\/wp-json\/wp\/v2\/types\/page"}],"author":[{"embeddable":true,"href":"https:\/\/oelder-buchhandlung.de\/Shop.de\/wp-json\/wp\/v2\/users\/1"}],"replies":[{"embeddable":true,"href":"https:\/\/oelder-buchhandlung.de\/Shop.de\/wp-json\/wp\/v2\/comments?post=65"}],"version-history":[{"count":3,"href":"https:\/\/oelder-buchhandlung.de\/Shop.de\/wp-json\/wp\/v2\/pages\/65\/revisions"}],"predecessor-version":[{"id":206,"href":"https:\/\/oelder-buchhandlung.de\/Shop.de\/wp-json\/wp\/v2\/pages\/65\/revisions\/206"}],"wp:attachment":[{"href":"https:\/\/oelder-buchhandlung.de\/Shop.de\/wp-json\/wp\/v2\/media?parent=65"}],"curies":[{"name":"wp","href":"https:\/\/api.w.org\/{rel}","templated":true}]}}